{"id":1466,"date":"2021-10-13T02:57:41","date_gmt":"2021-10-13T02:57:41","guid":{"rendered":"https:\/\/soledaddemo.pencidesign.net\/soledad-minimal-shop\/?page_id=15"},"modified":"2024-08-18T16:10:07","modified_gmt":"2024-08-18T19:10:07","slug":"about-us","status":"publish","type":"page","link":"https:\/\/tienda.proyectocolmena.com\/index.php\/about-us\/","title":{"rendered":"About Us"},"content":{"rendered":"\t\t<div data-elementor-type=\"wp-page\" data-elementor-id=\"1466\" class=\"elementor elementor-1466\">\n\t\t\t\t\t\t<section class=\"penci-section penci-dmcheck penci-elbg-activate penci-disSticky penci-structure-10 elementor-section elementor-top-section elementor-element elementor-element-5237948 elementor-section-boxed elementor-section-height-default elementor-section-height-default\" data-id=\"5237948\" data-element_type=\"section\" data-settings=\"{&quot;background_background&quot;:&quot;classic&quot;}\">\n\t\t\t\t\t\t<div class=\"elementor-container elementor-column-gap-no\">\n\t\t\t\t\t<div class=\"penci-ercol-100 penci-ercol-order-1 penci-sticky-ct    elementor-column elementor-col-100 elementor-top-column elementor-element elementor-element-bca8e91\" data-id=\"bca8e91\" data-element_type=\"column\">\n\t\t\t<div class=\"elementor-widget-wrap elementor-element-populated\">\n\t\t\t\t\t\t<div class=\"elementor-element elementor-element-c606c65 elementor-widget elementor-widget-penci-fancy_heading\" data-id=\"c606c65\" data-element_type=\"widget\" data-widget_type=\"penci-fancy_heading.default\">\n\t\t\t\t<div class=\"elementor-widget-container\">\n\t\t\t\t\t<div class=\"penci-fancy-heading penci-heading-text-center\">\r\n\t\t\t<div class=\"penci-fancy-heading-inner\">\r\n\t\t\t\t<h2 class=\"penci-heading-title\"><span class=\"inner-tit\">Sobre Nosotros<\/span><\/h2>\t\t\t<\/div>\r\n\t\t<\/div>\r\n\t\t\t\t<\/div>\n\t\t\t\t<\/div>\n\t\t\t\t\t<\/div>\n\t\t<\/div>\n\t\t\t\t\t<\/div>\n\t\t<\/section>\n\t\t\t\t<section class=\"penci-section penci-disSticky penci-structure-10 elementor-section elementor-top-section elementor-element elementor-element-a268e25 elementor-section-boxed elementor-section-height-default elementor-section-height-default\" data-id=\"a268e25\" data-element_type=\"section\">\n\t\t\t\t\t\t<div class=\"elementor-container elementor-column-gap-no\">\n\t\t\t\t\t<div class=\"penci-ercol-100 penci-ercol-order-1 penci-sticky-ct    elementor-column elementor-col-100 elementor-top-column elementor-element elementor-element-28dd262\" data-id=\"28dd262\" data-element_type=\"column\">\n\t\t\t<div class=\"elementor-widget-wrap elementor-element-populated\">\n\t\t\t\t\t\t<div class=\"elementor-element elementor-element-14cb8de elementor-widget elementor-widget-image\" data-id=\"14cb8de\" data-element_type=\"widget\" data-widget_type=\"image.default\">\n\t\t\t\t<div class=\"elementor-widget-container\">\n\t\t\t<style>\/*! elementor - v3.23.0 - 05-08-2024 *\/\n.elementor-widget-image{text-align:center}.elementor-widget-image a{display:inline-block}.elementor-widget-image a img[src$=\".svg\"]{width:48px}.elementor-widget-image img{vertical-align:middle;display:inline-block}<\/style>\t\t\t\t\t\t\t\t\t\t<img decoding=\"async\" src=\"https:\/\/tienda.proyectocolmena.com\/wp-content\/uploads\/2024\/08\/man-1283944_1920.jpg\" title=\"man-1283944_1920\" alt=\"man-1283944_1920\" loading=\"lazy\" \/>\t\t\t\t\t\t\t\t\t\t\t\t\t<\/div>\n\t\t\t\t<\/div>\n\t\t\t\t\t<\/div>\n\t\t<\/div>\n\t\t\t\t\t<\/div>\n\t\t<\/section>\n\t\t\t\t<section class=\"penci-section penci-disSticky penci-structure-21 elementor-section elementor-top-section elementor-element elementor-element-5152c17 elementor-section-boxed elementor-section-height-default elementor-section-height-default\" data-id=\"5152c17\" data-element_type=\"section\">\n\t\t\t\t\t\t<div class=\"elementor-container elementor-column-gap-wider\">\n\t\t\t\t\t<div class=\"penci-ercol-33 penci-ercol-order-1 penci-sticky-sb penci-sidebarSC   elementor-column elementor-col-33 elementor-top-column elementor-element elementor-element-33f2baa\" data-id=\"33f2baa\" data-element_type=\"column\">\n\t\t\t<div class=\"elementor-widget-wrap elementor-element-populated\">\n\t\t\t\t\t\t<div class=\"elementor-element elementor-element-b914d5b elementor-widget elementor-widget-penci-fancy_heading\" data-id=\"b914d5b\" data-element_type=\"widget\" data-widget_type=\"penci-fancy_heading.default\">\n\t\t\t\t<div class=\"elementor-widget-container\">\n\t\t\t\t\t<div class=\"penci-fancy-heading penci-heading-text-left\">\r\n\t\t\t<div class=\"penci-fancy-heading-inner\">\r\n\t\t\t\t<h2 class=\"penci-heading-title\"><span class=\"inner-tit\">Bienvenido a D-MAS<\/span><\/h2><div class=\"penci-heading-content entry-content\"><p>En <b>D-MAS<\/b>, estamos dedicados a ofrecer una experiencia de compra \u00fanica y personalizada. Nuestra tienda en l\u00ednea est\u00e1 dise\u00f1ada para satisfacer una amplia gama de necesidades y preferencias, proporcionando productos y servicios de alta calidad para todos nuestros clientes.<\/p>\n<\/div>\t\t\t<\/div>\r\n\t\t<\/div>\r\n\t\t\t\t<\/div>\n\t\t\t\t<\/div>\n\t\t\t\t<div class=\"elementor-element elementor-element-467ad01 elementor-widget elementor-widget-image\" data-id=\"467ad01\" data-element_type=\"widget\" data-widget_type=\"image.default\">\n\t\t\t\t<div class=\"elementor-widget-container\">\n\t\t\t\t\t\t\t\t\t\t\t\t\t<img fetchpriority=\"high\" decoding=\"async\" width=\"1024\" height=\"683\" src=\"https:\/\/tienda.proyectocolmena.com\/wp-content\/uploads\/2021\/09\/p15-1024x683.jpg\" class=\"attachment-large size-large wp-image-1205\" alt=\"\" srcset=\"https:\/\/tienda.proyectocolmena.com\/wp-content\/uploads\/2021\/09\/p15-1024x683.jpg 1024w, https:\/\/tienda.proyectocolmena.com\/wp-content\/uploads\/2021\/09\/p15-600x400.jpg 600w, https:\/\/tienda.proyectocolmena.com\/wp-content\/uploads\/2021\/09\/p15-300x200.jpg 300w, https:\/\/tienda.proyectocolmena.com\/wp-content\/uploads\/2021\/09\/p15-768x512.jpg 768w, https:\/\/tienda.proyectocolmena.com\/wp-content\/uploads\/2021\/09\/p15-1170x780.jpg 1170w, https:\/\/tienda.proyectocolmena.com\/wp-content\/uploads\/2021\/09\/p15-585x390.jpg 585w, https:\/\/tienda.proyectocolmena.com\/wp-content\/uploads\/2021\/09\/p15-263x175.jpg 263w, https:\/\/tienda.proyectocolmena.com\/wp-content\/uploads\/2021\/09\/p15.jpg 1500w\" sizes=\"(max-width: 1024px) 100vw, 1024px\" \/>\t\t\t\t\t\t\t\t\t\t\t\t\t<\/div>\n\t\t\t\t<\/div>\n\t\t\t\t\t<\/div>\n\t\t<\/div>\n\t\t\t\t<div class=\"penci-ercol-66 penci-ercol-order-2 penci-sticky-ct    elementor-column elementor-col-66 elementor-top-column elementor-element elementor-element-c651d09\" data-id=\"c651d09\" data-element_type=\"column\">\n\t\t\t<div class=\"elementor-widget-wrap elementor-element-populated\">\n\t\t\t\t\t\t<div class=\"elementor-element elementor-element-4528bd0 elementor-widget elementor-widget-penci-fancy_heading\" data-id=\"4528bd0\" data-element_type=\"widget\" data-widget_type=\"penci-fancy_heading.default\">\n\t\t\t\t<div class=\"elementor-widget-container\">\n\t\t\t\t\t<div class=\"penci-fancy-heading penci-heading-text-left\">\r\n\t\t\t<div class=\"penci-fancy-heading-inner\">\r\n\t\t\t\t<h2 class=\"penci-heading-title\"><span class=\"inner-tit\">Nuestra Misi\u00f3n<\/span><\/h2><div class=\"penci-heading-content entry-content\"><p>Nuestra misi\u00f3n es proporcionar una experiencia de compra excepcional a trav\u00e9s de una oferta variada de productos, desde art\u00edculos innovadores hasta emocionantes cajas misteriosas. Nos esforzamos por crear una plataforma donde cada cliente pueda encontrar exactamente lo que busca y disfrutar de un servicio al cliente inigualable.<\/p>\n<\/div>\t\t\t<\/div>\r\n\t\t<\/div>\r\n\t\t\t\t<\/div>\n\t\t\t\t<\/div>\n\t\t\t\t<div class=\"elementor-element elementor-element-2f51dc7 elementor-widget elementor-widget-penci-fancy_heading\" data-id=\"2f51dc7\" data-element_type=\"widget\" data-widget_type=\"penci-fancy_heading.default\">\n\t\t\t\t<div class=\"elementor-widget-container\">\n\t\t\t\t\t<div class=\"penci-fancy-heading penci-heading-text-left\">\r\n\t\t\t<div class=\"penci-fancy-heading-inner\">\r\n\t\t\t\t<h2 class=\"penci-heading-title\"><span class=\"inner-tit\">Nuestros Servicios<\/span><\/h2><div class=\"penci-heading-content entry-content\"><p><b>- Venta de Productos: <\/b>Descubre nuestra selecci\u00f3n cuidadosamente curada de productos. Desde art\u00edculos cotidianos hasta los m\u00e1s exclusivos, en nuestra tienda encontrar\u00e1s lo mejor para ti.<\/p>\n<p><b>- Cajas Misteriosas: <\/b>Si te gustan las sorpresas, nuestras cajas misteriosas son la elecci\u00f3n perfecta. Cada caja est\u00e1 llena de productos seleccionados al azar, dise\u00f1ados para sorprender y deleitar.<\/p>\n<p><b>- Probador de Productos: <\/b>Ofrecemos la oportunidad de probar productos antes de comprarlos. Elige tus favoritos, agr\u00e9gales al carrito, y nosotros te los prepararemos y enviaremos sin costo adicional.<\/p>\n<p><b>- Venta de Rifas: <\/b>Participa en nuestras rifas y gana premios emocionantes. Cada rifa es una oportunidad para obtener algo especial y apoyar nuestras iniciativas.<\/p>\n<\/div>\t\t\t<\/div>\r\n\t\t<\/div>\r\n\t\t\t\t<\/div>\n\t\t\t\t<\/div>\n\t\t\t\t<div class=\"elementor-element elementor-element-b7e7ad3 elementor-widget elementor-widget-penci-fancy_heading\" data-id=\"b7e7ad3\" data-element_type=\"widget\" data-widget_type=\"penci-fancy_heading.default\">\n\t\t\t\t<div class=\"elementor-widget-container\">\n\t\t\t\t\t<div class=\"penci-fancy-heading penci-heading-text-left\">\r\n\t\t\t<div class=\"penci-fancy-heading-inner\">\r\n\t\t\t\t<h2 class=\"penci-heading-title\"><span class=\"inner-tit\">Nuestro Compromiso<\/span><\/h2><div class=\"penci-heading-content entry-content\"><p>En <b>D-MAS<\/b>, nos enorgullecemos de nuestro compromiso con la calidad y la satisfacci\u00f3n del cliente. Trabajamos arduamente para garantizar que cada producto y servicio que ofrecemos cumpla con nuestros altos est\u00e1ndares. Nuestro equipo est\u00e1 aqu\u00ed para ayudarte en cada paso del camino, asegurando que tu experiencia de compra sea tan agradable y sencilla como sea posible.<\/p>\n<\/div>\t\t\t<\/div>\r\n\t\t<\/div>\r\n\t\t\t\t<\/div>\n\t\t\t\t<\/div>\n\t\t\t\t<div class=\"elementor-element elementor-element-9b2a3c3 elementor-widget elementor-widget-penci-fancy_heading\" data-id=\"9b2a3c3\" data-element_type=\"widget\" data-widget_type=\"penci-fancy_heading.default\">\n\t\t\t\t<div class=\"elementor-widget-container\">\n\t\t\t\t\t<div class=\"penci-fancy-heading penci-heading-text-left\">\r\n\t\t\t<div class=\"penci-fancy-heading-inner\">\r\n\t\t\t\t<h2 class=\"penci-heading-title\"><span class=\"inner-tit\">Cont\u00e1ctanos<\/span><\/h2><div class=\"penci-heading-content entry-content\"><p>Si tienes alguna pregunta o necesitas asistencia, no dudes en ponerte en contacto con nosotros. Estamos aqu\u00ed para ayudarte y hacer que tu experiencia con <b>D-MAS<\/b> sea inolvidable.<\/p>\n<p>Gracias por elegirnos y por formar parte de la comunidad <b>D-MAS.<\/b><\/p>\n<p><b>El Equipo de D-MAS<\/p>\n<\/div>\t\t\t<\/div>\r\n\t\t<\/div>\r\n\t\t\t\t<\/div>\n\t\t\t\t<\/div>\n\t\t\t\t\t<\/div>\n\t\t<\/div>\n\t\t\t\t\t<\/div>\n\t\t<\/section>\n\t\t\t\t<section class=\"penci-section penci-disSticky penci-structure-21 elementor-section elementor-top-section elementor-element elementor-element-73cdc74 elementor-section-boxed elementor-section-height-default elementor-section-height-default\" data-id=\"73cdc74\" data-element_type=\"section\">\n\t\t\t\t\t\t<div class=\"elementor-container elementor-column-gap-wider\">\n\t\t\t\t\t<div class=\"penci-ercol-33 penci-ercol-order-1 penci-sticky-sb penci-sidebarSC   elementor-column elementor-col-33 elementor-top-column elementor-element elementor-element-755c57f\" data-id=\"755c57f\" data-element_type=\"column\">\n\t\t\t<div class=\"elementor-widget-wrap\">\n\t\t\t\t\t\t\t<\/div>\n\t\t<\/div>\n\t\t\t\t<div class=\"penci-ercol-66 penci-ercol-order-2 penci-sticky-ct    elementor-column elementor-col-66 elementor-top-column elementor-element elementor-element-35f62ae\" data-id=\"35f62ae\" data-element_type=\"column\">\n\t\t\t<div class=\"elementor-widget-wrap elementor-element-populated\">\n\t\t\t\t\t\t<div class=\"elementor-element elementor-element-164cf60 elementor-widget elementor-widget-image\" data-id=\"164cf60\" data-element_type=\"widget\" data-widget_type=\"image.default\">\n\t\t\t\t<div class=\"elementor-widget-container\">\n\t\t\t\t\t\t\t\t\t\t\t\t\t<img decoding=\"async\" width=\"1024\" height=\"683\" src=\"https:\/\/tienda.proyectocolmena.com\/wp-content\/uploads\/2021\/09\/p5-1024x683.jpg\" class=\"attachment-large size-large wp-image-1185\" alt=\"\" srcset=\"https:\/\/tienda.proyectocolmena.com\/wp-content\/uploads\/2021\/09\/p5-1024x683.jpg 1024w, https:\/\/tienda.proyectocolmena.com\/wp-content\/uploads\/2021\/09\/p5-600x400.jpg 600w, https:\/\/tienda.proyectocolmena.com\/wp-content\/uploads\/2021\/09\/p5-300x200.jpg 300w, https:\/\/tienda.proyectocolmena.com\/wp-content\/uploads\/2021\/09\/p5-768x512.jpg 768w, https:\/\/tienda.proyectocolmena.com\/wp-content\/uploads\/2021\/09\/p5-1170x780.jpg 1170w, https:\/\/tienda.proyectocolmena.com\/wp-content\/uploads\/2021\/09\/p5-585x390.jpg 585w, https:\/\/tienda.proyectocolmena.com\/wp-content\/uploads\/2021\/09\/p5-263x175.jpg 263w, https:\/\/tienda.proyectocolmena.com\/wp-content\/uploads\/2021\/09\/p5.jpg 1500w\" sizes=\"(max-width: 1024px) 100vw, 1024px\" \/>\t\t\t\t\t\t\t\t\t\t\t\t\t<\/div>\n\t\t\t\t<\/div>\n\t\t\t\t\t<\/div>\n\t\t<\/div>\n\t\t\t\t\t<\/div>\n\t\t<\/section>\n\t\t\t\t<section class=\"penci-section penci-dmcheck penci-elbg-activate penci-disSticky penci-structure-40 elementor-section elementor-top-section elementor-element elementor-element-90e6fe7 elementor-section-full_width elementor-section-content-middle elementor-section-height-default elementor-section-height-default\" data-id=\"90e6fe7\" data-element_type=\"section\" data-settings=\"{&quot;background_background&quot;:&quot;classic&quot;}\">\n\t\t\t\t\t\t<div class=\"elementor-container elementor-column-gap-no\">\n\t\t\t\t\t<div class=\"penci-ercol-25 penci-ercol-order-1 penci-sticky-sb penci-sidebarSC   elementor-column elementor-col-25 elementor-top-column elementor-element elementor-element-75ecafd\" data-id=\"75ecafd\" data-element_type=\"column\">\n\t\t\t<div class=\"elementor-widget-wrap elementor-element-populated\">\n\t\t\t\t\t\t<div class=\"elementor-element elementor-element-f5fe6b5 elementor-widget elementor-widget-counter\" data-id=\"f5fe6b5\" data-element_type=\"widget\" data-widget_type=\"counter.default\">\n\t\t\t\t<div class=\"elementor-widget-container\">\n\t\t\t<style>\/*! elementor - v3.23.0 - 05-08-2024 *\/\n.elementor-counter{display:flex;justify-content:center;align-items:stretch;flex-direction:column-reverse}.elementor-counter .elementor-counter-number{flex-grow:var(--counter-number-grow,0)}.elementor-counter .elementor-counter-number-wrapper{flex:1;display:flex;font-size:69px;font-weight:600;line-height:1;text-align:center}.elementor-counter .elementor-counter-number-prefix{text-align:end;flex-grow:var(--counter-prefix-grow,1);white-space:pre-wrap}.elementor-counter .elementor-counter-number-suffix{text-align:start;flex-grow:var(--counter-suffix-grow,1);white-space:pre-wrap}.elementor-counter .elementor-counter-title{flex:1;display:flex;justify-content:center;align-items:center;margin:0;padding:0;font-size:19px;font-weight:400;line-height:2.5}<\/style>\t\t<div class=\"elementor-counter\">\n\t\t\t<div class=\"elementor-counter-title\">Cool Employees<\/div>\t\t\t<div class=\"elementor-counter-number-wrapper\">\n\t\t\t\t<span class=\"elementor-counter-number-prefix\"><\/span>\n\t\t\t\t<span class=\"elementor-counter-number\" data-duration=\"2000\" data-to-value=\"100\" data-from-value=\"0\" data-delimiter=\",\">0<\/span>\n\t\t\t\t<span class=\"elementor-counter-number-suffix\">+<\/span>\n\t\t\t<\/div>\n\t\t<\/div>\n\t\t\t\t<\/div>\n\t\t\t\t<\/div>\n\t\t\t\t\t<\/div>\n\t\t<\/div>\n\t\t\t\t<div class=\"penci-ercol-25 penci-ercol-order-2 penci-sticky-sb penci-sidebarSC penci-dmcheck penci-elbg-activate penci-elbg-img elementor-column elementor-col-25 elementor-top-column elementor-element elementor-element-af8b96d\" data-id=\"af8b96d\" data-element_type=\"column\" data-settings=\"{&quot;background_background&quot;:&quot;classic&quot;}\">\n\t\t\t<div class=\"elementor-widget-wrap elementor-element-populated\">\n\t\t\t\t\t<div class=\"elementor-background-overlay\"><\/div>\n\t\t\t\t\t\t<div class=\"elementor-element elementor-element-d6eaf57 elementor-widget elementor-widget-counter\" data-id=\"d6eaf57\" data-element_type=\"widget\" data-widget_type=\"counter.default\">\n\t\t\t\t<div class=\"elementor-widget-container\">\n\t\t\t\t\t<div class=\"elementor-counter\">\n\t\t\t<div class=\"elementor-counter-title\">Products Sold<\/div>\t\t\t<div class=\"elementor-counter-number-wrapper\">\n\t\t\t\t<span class=\"elementor-counter-number-prefix\"><\/span>\n\t\t\t\t<span class=\"elementor-counter-number\" data-duration=\"2000\" data-to-value=\"346\" data-from-value=\"0\" data-delimiter=\",\">0<\/span>\n\t\t\t\t<span class=\"elementor-counter-number-suffix\">+<\/span>\n\t\t\t<\/div>\n\t\t<\/div>\n\t\t\t\t<\/div>\n\t\t\t\t<\/div>\n\t\t\t\t\t<\/div>\n\t\t<\/div>\n\t\t\t\t<div class=\"penci-ercol-25 penci-ercol-order-3 penci-sticky-sb penci-sidebarSC   elementor-column elementor-col-25 elementor-top-column elementor-element elementor-element-b31493f\" data-id=\"b31493f\" data-element_type=\"column\">\n\t\t\t<div class=\"elementor-widget-wrap elementor-element-populated\">\n\t\t\t\t\t\t<div class=\"elementor-element elementor-element-de9b570 elementor-widget elementor-widget-counter\" data-id=\"de9b570\" data-element_type=\"widget\" data-widget_type=\"counter.default\">\n\t\t\t\t<div class=\"elementor-widget-container\">\n\t\t\t\t\t<div class=\"elementor-counter\">\n\t\t\t<div class=\"elementor-counter-title\">Royal Customers<\/div>\t\t\t<div class=\"elementor-counter-number-wrapper\">\n\t\t\t\t<span class=\"elementor-counter-number-prefix\"><\/span>\n\t\t\t\t<span class=\"elementor-counter-number\" data-duration=\"2000\" data-to-value=\"15\" data-from-value=\"0\" data-delimiter=\",\">0<\/span>\n\t\t\t\t<span class=\"elementor-counter-number-suffix\">+<\/span>\n\t\t\t<\/div>\n\t\t<\/div>\n\t\t\t\t<\/div>\n\t\t\t\t<\/div>\n\t\t\t\t\t<\/div>\n\t\t<\/div>\n\t\t\t\t<div class=\"penci-ercol-25 penci-ercol-order-4 penci-sticky-sb penci-sidebarSC penci-dmcheck penci-elbg-activate penci-elbg-img elementor-column elementor-col-25 elementor-top-column elementor-element elementor-element-719a87a\" data-id=\"719a87a\" data-element_type=\"column\" data-settings=\"{&quot;background_background&quot;:&quot;classic&quot;}\">\n\t\t\t<div class=\"elementor-widget-wrap elementor-element-populated\">\n\t\t\t\t\t<div class=\"elementor-background-overlay\"><\/div>\n\t\t\t\t\t\t<div class=\"elementor-element elementor-element-2319182 elementor-widget elementor-widget-counter\" data-id=\"2319182\" data-element_type=\"widget\" data-widget_type=\"counter.default\">\n\t\t\t\t<div class=\"elementor-widget-container\">\n\t\t\t\t\t<div class=\"elementor-counter\">\n\t\t\t<div class=\"elementor-counter-title\">Online Awards<\/div>\t\t\t<div class=\"elementor-counter-number-wrapper\">\n\t\t\t\t<span class=\"elementor-counter-number-prefix\"><\/span>\n\t\t\t\t<span class=\"elementor-counter-number\" data-duration=\"2000\" data-to-value=\"99\" data-from-value=\"0\" data-delimiter=\",\">0<\/span>\n\t\t\t\t<span class=\"elementor-counter-number-suffix\">+<\/span>\n\t\t\t<\/div>\n\t\t<\/div>\n\t\t\t\t<\/div>\n\t\t\t\t<\/div>\n\t\t\t\t\t<\/div>\n\t\t<\/div>\n\t\t\t\t\t<\/div>\n\t\t<\/section>\n\t\t\t\t<\/div>\n\t\t","protected":false},"excerpt":{"rendered":"<p>Sobre Nosotros Bienvenido a D-MAS En D-MAS, estamos dedicados a ofrecer una experiencia de compra \u00fanica y personalizada. Nuestra tienda en l\u00ednea est\u00e1 dise\u00f1ada para satisfacer una amplia gama de&hellip;<\/p>\n","protected":false},"author":1,"featured_media":0,"parent":0,"menu_order":0,"comment_status":"closed","ping_status":"closed","template":"page-fullwidth.php","meta":{"content-type":"","_monsterinsights_skip_tracking":false,"_monsterinsights_sitenote_active":false,"_monsterinsights_sitenote_note":"","_monsterinsights_sitenote_category":0,"footnotes":""},"class_list":["post-1466","page","type-page","status-publish","hentry"],"aioseo_notices":[],"_links":{"self":[{"href":"https:\/\/tienda.proyectocolmena.com\/index.php\/wp-json\/wp\/v2\/pages\/1466"}],"collection":[{"href":"https:\/\/tienda.proyectocolmena.com\/index.php\/wp-json\/wp\/v2\/pages"}],"about":[{"href":"https:\/\/tienda.proyectocolmena.com\/index.php\/wp-json\/wp\/v2\/types\/page"}],"author":[{"embeddable":true,"href":"https:\/\/tienda.proyectocolmena.com\/index.php\/wp-json\/wp\/v2\/users\/1"}],"replies":[{"embeddable":true,"href":"https:\/\/tienda.proyectocolmena.com\/index.php\/wp-json\/wp\/v2\/comments?post=1466"}],"version-history":[{"count":5,"href":"https:\/\/tienda.proyectocolmena.com\/index.php\/wp-json\/wp\/v2\/pages\/1466\/revisions"}],"predecessor-version":[{"id":1567,"href":"https:\/\/tienda.proyectocolmena.com\/index.php\/wp-json\/wp\/v2\/pages\/1466\/revisions\/1567"}],"wp:attachment":[{"href":"https:\/\/tienda.proyectocolmena.com\/index.php\/wp-json\/wp\/v2\/media?parent=1466"}],"curies":[{"name":"wp","href":"https:\/\/api.w.org\/{rel}","templated":true}]}}